{"id":341,"date":"2021-06-23T08:57:28","date_gmt":"2021-06-23T08:57:28","guid":{"rendered":"https:\/\/moulinlesriaux.com\/terms\/"},"modified":"2022-04-28T14:04:30","modified_gmt":"2022-04-28T14:04:30","slug":"terms","status":"publish","type":"page","link":"https:\/\/moulinlesriaux.com\/fr\/terms\/","title":{"rendered":"Mentions l\u00e9gales"},"content":{"rendered":"\n<p>Voici nos termes et conditions<\/p>\n\n<ul class=\"wp-block-list\"><li><a href=\"#general\">En g\u00e9n\u00e9ral<\/a><\/li><li><a href=\"#privacy\">Politique de confidentialit\u00e9<\/a><\/li><li><a href=\"#prohibitions\">Interdictions<\/a><\/li><li><a href=\"#ip\">Propri\u00e9t\u00e9 intellectuelle, logiciel et contenu<\/a><\/li><li><a href=\"#terms\">Conditions de vente<\/a><ol type=\"a\">\n<li><a href=\"#contract\">Notre contrat<\/a><\/li>\n<li><a href=\"#pricing\">Prix et disponibilit\u00e9<\/a><\/li>\n<li><a href=\"#delivery\">Livraison<\/a><\/li>\n<li><a href=\"#payment\">Paiement<\/a><\/li>\n<li><a href=\"#returns\">Retour<\/a><\/li>\n<\/ol><\/li><li><a href=\"#disclaimer\">Exon\u00e9ration de responsabilit\u00e9<\/a><\/li><li><a href=\"#url\">Lien vers ce site Web<\/a><\/li><li><a href=\"#indemnity\">Indemnit\u00e9<\/a><\/li><li><a href=\"#variation\">Variation<\/a><\/li><li><a href=\"#invalidity\">Invalidit\u00e9<\/a><\/li><li><a href=\"#complaints\">Plaintes<\/a><\/li><li><a href=\"#waiver\">Renoncer<\/a><\/li><li><a href=\"#entire\">Accord complet<\/a><\/li><\/ul>\n\n<p><strong><a name=\"general\">En g\u00e9n\u00e9ral<\/a><\/strong><\/p>\n\n<p>SARL Moulin Les Riaux (\u00ab moulinlesriuax.com \u00bb) poss\u00e8de et exploite ce site Web. Ce document r\u00e9git votre relation avec moulinlesriuax.com (\u00ab Site Web \u00bb). L&rsquo;acc\u00e8s et l&rsquo;utilisation de ce site Web et des produits et services disponibles sur ce site Web (collectivement, les \u00ab\u00a0Services\u00a0\u00bb) sont soumis aux termes, conditions et avis suivants (les \u00ab\u00a0Conditions d&rsquo;utilisation\u00a0\u00bb). En utilisant les Services, vous acceptez toutes les Conditions d&rsquo;utilisation, telles que nous pouvons les mettre \u00e0 jour de temps \u00e0 autre. Vous devriez consulter cette page r\u00e9guli\u00e8rement pour prendre connaissance de tout changement que nous avons pu apporter aux conditions d&rsquo;utilisation.<\/p>\n\n<p>L&rsquo;acc\u00e8s \u00e0 ce site Web est autoris\u00e9 sur une base temporaire et nous nous r\u00e9servons le droit de retirer ou de modifier les services sans pr\u00e9avis. Nous ne serons pas responsables si, pour une raison quelconque, ce site Web est indisponible \u00e0 tout moment ou pour toute p\u00e9riode. De temps \u00e0 autre, nous pouvons restreindre l&rsquo;acc\u00e8s \u00e0 certaines parties ou \u00e0 la totalit\u00e9 de ce site Web.<\/p>\n\n<p>Ce site Web peut contenir des liens vers d&rsquo;autres sites Web (les \u00ab\u00a0sites li\u00e9s\u00a0\u00bb), qui ne sont pas exploit\u00e9s par moulinlesriuax.com. moulinlesriuax.com n&rsquo;a aucun contr\u00f4le sur les sites li\u00e9s et n&rsquo;accepte aucune responsabilit\u00e9 pour eux ou pour toute perte ou dommage pouvant r\u00e9sulter de votre utilisation de ceux-ci. Votre utilisation des sites li\u00e9s sera soumise aux conditions d&rsquo;utilisation et de service contenues dans chacun de ces sites.<\/p>\n\n<p><strong><a name=\"privacy\">Politique de confidentialit\u00e9<\/a><\/strong><\/p>\n\n<p>Notre politique de confidentialit\u00e9, qui d\u00e9finit la mani\u00e8re dont nous utiliserons vos informations, est disponible ici : <a href=\"https:\/\/moulinlesriaux.com\/fr\/contact\/\" data-type=\"URL\" data-id=\"https:\/\/moulinlesriaux.com\/privacy-contact\/\">https:\/\/moulinlesriaux.com\/privacy-contact\/<\/a> En utilisant ce site Web, vous consentez au traitement qui y est d\u00e9crit et garantissez que toutes les donn\u00e9es fournies par vous est pr\u00e9cis.<\/p>\n\n<p><strong><a name=\"prohibitions\">Interdictions<\/a><\/strong><\/p>\n\n<p>Vous ne devez pas abuser de ce site Web. Vous vous abstiendrez de : commettre ou encourager une infraction p\u00e9nale ; transmettre ou distribuer un virus, un cheval de Troie, un ver, une bombe logique ou tout autre mat\u00e9riel malveillant, technologiquement nuisible, en abus de confiance ou de quelque mani\u00e8re que ce soit offensant ou obsc\u00e8ne\u00a0; pirater n&rsquo;importe quel aspect du Service\u00a0; donn\u00e9es corrompues\u00a0; g\u00eaner les autres utilisateurs\u00a0; porter atteinte aux droits de propri\u00e9t\u00e9 de toute autre personne\u00a0; envoyer tout mat\u00e9riel publicitaire ou promotionnel non sollicit\u00e9, commun\u00e9ment appel\u00e9 \u00ab\u00a0spam\u00a0\u00bb\u00a0; ou tenter d&rsquo;affecter les performances ou la fonctionnalit\u00e9 de toute installation informatique de ou accessible via ce site Web. Le non-respect de cette disposition constituerait une infraction p\u00e9nale et moulinlesriuax.com signalera un tel manquement aux autorit\u00e9s comp\u00e9tentes en mati\u00e8re d&rsquo;application de la loi et leur communiquera votre identit\u00e9.<\/p>\n\n<p>Nous ne serons pas responsables de toute perte ou dommage caus\u00e9 par une attaque par d\u00e9ni de service distribu\u00e9, des virus ou tout autre mat\u00e9riel technologiquement nuisible qui pourrait infecter votre \u00e9quipement informatique, vos programmes informatiques, vos donn\u00e9es ou tout autre mat\u00e9riel exclusif en raison de votre utilisation de ce site Web ou \u00e0 votre t\u00e9l\u00e9chargement de tout mat\u00e9riel publi\u00e9 sur celui-ci ou sur tout site Web li\u00e9 \u00e0 celui-ci.<\/p>\n\n<p><strong><a name=\"ip\">Propri\u00e9t\u00e9 intellectuelle, logiciel et contenu<\/a><\/strong><\/p>\n\n<p>Les droits de propri\u00e9t\u00e9 intellectuelle sur tous les logiciels et contenus (y compris les images photographiques) mis \u00e0 votre disposition sur ou via ce site Web restent la propri\u00e9t\u00e9 de moulinlesriuax.com ou de ses conc\u00e9dants et sont prot\u00e9g\u00e9s par les lois et trait\u00e9s sur le droit d&rsquo;auteur dans le monde entier. Tous ces droits sont r\u00e9serv\u00e9s par moulinlesriuax.com et ses conc\u00e9dants. Vous pouvez stocker, imprimer et afficher le contenu fourni uniquement pour votre usage personnel. Vous n&rsquo;\u00eates pas autoris\u00e9 \u00e0 publier, manipuler, distribuer ou autrement reproduire, sous quelque forme que ce soit, le contenu ou des copies du contenu qui vous est fourni ou qui appara\u00eet sur ce site Web, et vous ne pouvez pas non plus utiliser un tel contenu en relation avec une activit\u00e9 commerciale ou commerciale. entreprise.<\/p>\n\n<p><strong><a name=\"terms\">Conditions de vente<\/a><\/strong><\/p>\n\n<p>En passant une commande, vous proposez d&rsquo;acheter un produit sur et sous r\u00e9serve des termes et conditions suivants. Toutes les commandes sont sous r\u00e9serve de disponibilit\u00e9 et de confirmation du prix de la commande.<\/p>\n\n<p>Les d\u00e9lais d&rsquo;exp\u00e9dition peuvent varier en fonction des disponibilit\u00e9s et sous r\u00e9serve d&rsquo;\u00e9ventuels retards r\u00e9sultant de retards postaux ou de force majeure dont nous ne serons pas responsables. <\/p>\n\n<p>Pour contracter avec moulinlesriuax.com, vous devez avoir plus de 18 ans et poss\u00e9der une carte de cr\u00e9dit ou de d\u00e9bit valide \u00e9mise par une banque acceptable pour nous. moulinlesriuax.com se r\u00e9serve le droit de refuser toute demande de votre part. Si votre commande est accept\u00e9e, nous vous en informerons par e-mail et nous vous confirmerons l&rsquo;identit\u00e9 de la partie avec laquelle vous avez contract\u00e9. Il s&rsquo;agira g\u00e9n\u00e9ralement de moulinlesriuax.com ou, dans certains cas, d&rsquo;un tiers. Lorsqu&rsquo;un contrat est conclu avec un tiers, moulinlesriuax.com n&rsquo;agit pas en tant qu&rsquo;agent ou mandant et le contrat est conclu entre vous et ce tiers et sera soumis aux conditions de vente qu&rsquo;ils vous fournissent. Lorsque vous passez une commande, vous vous engagez \u00e0 ce que tous les d\u00e9tails que vous nous fournissez soient v\u00e9ridiques et exacts, que vous soyez un utilisateur autoris\u00e9 de la carte de cr\u00e9dit ou de d\u00e9bit utilis\u00e9e pour passer votre commande et que les fonds soient suffisants pour couvrir le co\u00fbt des marchandises. Le co\u00fbt des produits et services \u00e9trangers peut fluctuer. Tous les prix annonc\u00e9s sont sujets \u00e0 ces modifications.<\/p>\n\n<p><strong><a name=\"contract\">a. Notre contrat<\/a><\/strong><\/p>\n\n<p>Lorsque vous passez une commande, vous recevez un e-mail d&rsquo;accus\u00e9 de r\u00e9ception confirmant la r\u00e9ception de votre commande : cet e-mail ne sera qu&rsquo;un accus\u00e9 de r\u00e9ception et ne constituera pas une acceptation de votre commande. Un contrat entre nous ne sera pas form\u00e9 tant que nous ne vous aurons pas envoy\u00e9 la confirmation par e-mail que les marchandises que vous avez command\u00e9es vous ont \u00e9t\u00e9 exp\u00e9di\u00e9es. Seuls les biens \u00e9num\u00e9r\u00e9s dans l&rsquo;e-mail de confirmation envoy\u00e9 au moment de l&rsquo;exp\u00e9dition seront inclus dans le contrat form\u00e9.<\/p>\n\n<p><strong><a name=\"pricing\">b. Prix et disponibilit\u00e9<\/a><\/strong><\/p>\n\n<p>Bien que nous essayions de nous assurer que tous les d\u00e9tails, descriptions et prix qui apparaissent sur ce site Web sont exacts, des erreurs peuvent survenir. Si nous d\u00e9couvrons une erreur dans le prix des produits que vous avez command\u00e9s, nous vous en informerons d\u00e8s que possible et vous donnerons la possibilit\u00e9 de reconfirmer votre commande au prix correct ou de l&rsquo;annuler. Si nous ne sommes pas en mesure de vous contacter, nous traiterons la commande comme annul\u00e9e. Si vous annulez et que vous avez d\u00e9j\u00e0 pay\u00e9 les marchandises, vous recevrez un remboursement complet.<\/p>\n\n<p><strong><a name=\"delivery\">c. Livraison<\/a><\/strong><\/p>\n\n<p>Les frais de livraison seront factur\u00e9s en sus ; ces frais suppl\u00e9mentaires sont clairement affich\u00e9s, le cas \u00e9ch\u00e9ant, et inclus dans le \u00ab co\u00fbt total \u00bb. Nous utilisons collisimo pour livrer nos produits, et ne pouvons contr\u00f4ler ni assumer la responsabilit\u00e9 de leurs d\u00e9lais de livraison.<\/p>\n\n<p><strong><a name=\"payment\">d. Paiement<\/a><\/strong><\/p>\n\n<p>D\u00e8s r\u00e9ception de votre commande, nous effectuons une v\u00e9rification d&rsquo;autorisation standard sur votre carte de paiement pour nous assurer que les fonds sont suffisants pour effectuer la transaction. Votre carte sera d\u00e9bit\u00e9e d\u00e8s r\u00e9ception de l&rsquo;autorisation. Les sommes re\u00e7ues lors du d\u00e9bit de votre carte seront trait\u00e9es comme un acompte contre la valeur des biens que vous souhaitez acheter. Une fois que les marchandises ont \u00e9t\u00e9 exp\u00e9di\u00e9es et que vous avez re\u00e7u un e-mail de confirmation, les sommes vers\u00e9es \u00e0 titre d&rsquo;acompte seront utilis\u00e9es en contrepartie de la valeur des marchandises que vous avez achet\u00e9es, comme indiqu\u00e9 dans l&rsquo;e-mail de confirmation.<\/p>\n\n<p><strong><a name=\"returns\">e. Retour<\/a><\/strong><\/p>\n\n<p>En raison de la nature de notre entreprise et des produits que nous vendons, les articles qui expirent moins d&rsquo;un mois apr\u00e8s la date d&rsquo;achat ne sont pas \u00e9ligibles \u00e0 un remboursement.<\/p>\n\n<p>Pour que tout autre article soit \u00e9ligible \u00e0 un remboursement, vous devez nous retourner l&rsquo;article que vous avez achet\u00e9 dans les 7 jours calendaires suivant l&rsquo;achat. L&rsquo;article doit non ouvert et dans son \u00e9tat d&rsquo;origine. Contactez-nous : <a href=\"mailto:wp-returns@moulinlesriaux.com?subject=Return%20Request%20from%20Moulin%20Les%20Riaux%20Website\">return@moulinlesriaux.com<\/a> pour obtenir une \u00e9tiquette d&rsquo;exp\u00e9dition gratuite.<\/p>\n\n<p>Si nos produits sont arriv\u00e9s endommag\u00e9s, pourris ou contamin\u00e9s de quelque mani\u00e8re que ce soit, veuillez nous contacter imm\u00e9diatement et nous serons heureux de vous envoyer un remplacement gratuit quelle que soit sa date d&rsquo;expiration.<\/p>\n\n<p>Si quelque chose n&rsquo;est pas clair ou si vous avez d&rsquo;autres questions, n&rsquo;h\u00e9sitez pas \u00e0 <a href=\"mailto:wp-contact@moulinlesriaux.com?subject=Mail%20from%20Moulin%20Les%20Riaux%20Website\">contacter<\/a> notre \u00e9quipe de support client.<\/p>\n\n<p><strong><a name=\"disclaimer\">Exon\u00e9ration de responsabilit\u00e9<\/a><\/strong><\/p>\n\n<p>Le mat\u00e9riel affich\u00e9 sur ce site Web est fourni sans aucune garantie, condition ou garantie quant \u00e0 son exactitude. Sauf indication contraire expresse dans toute la mesure permise par la loi, moulinlesriuax.com et ses fournisseurs, fournisseurs de contenu et annonceurs excluent express\u00e9ment toutes les conditions, garanties et autres termes qui pourraient autrement \u00eatre implicites par la loi, la common law ou la loi d&rsquo;\u00e9quit\u00e9 et ne sera pas responsable de quelque dommage que ce soit, y compris, mais sans s&rsquo;y limiter, les dommages directs, indirects, sp\u00e9ciaux, cons\u00e9cutifs, punitifs ou accessoires, ou les dommages pour perte d&rsquo;utilisation, de b\u00e9n\u00e9fices, de donn\u00e9es ou d&rsquo;autres biens incorporels, les dommages \u00e0 la client\u00e8le ou \u00e0 la r\u00e9putation, ou les le co\u00fbt de l&rsquo;achat de biens et de services de substitution, r\u00e9sultant de ou li\u00e9 \u00e0 l&rsquo;utilisation, \u00e0 l&rsquo;impossibilit\u00e9 d&rsquo;utiliser, \u00e0 la performance ou aux d\u00e9faillances de ce site Web ou des sites li\u00e9s et de tout mat\u00e9riel publi\u00e9 sur celui-ci, que ces dommages soient pr\u00e9visibles ou r\u00e9sultent d&rsquo;un contrat, responsabilit\u00e9 d\u00e9lictuelle, en \u00e9quit\u00e9, en restitution, par la loi, en common law ou autrement. Cela n&rsquo;affecte pas la responsabilit\u00e9 de moulinlesriuax.com en cas de d\u00e9c\u00e8s ou de blessures r\u00e9sultant de sa n\u00e9gligence, de fausses d\u00e9clarations frauduleuses, de fausses d\u00e9clarations quant \u00e0 une question fondamentale ou de toute autre responsabilit\u00e9 qui ne peut \u00eatre exclue ou limit\u00e9e en vertu de la loi applicable.<\/p>\n\n<p><strong><a name=\"url\">Lien vers ce site Web<\/a><\/strong><\/p>\n\n<p>Vous pouvez \u00e9tablir un lien vers notre page d&rsquo;accueil, \u00e0 condition que vous le fassiez d&rsquo;une mani\u00e8re juste et l\u00e9gale et qu&rsquo;elle ne nuise pas \u00e0 notre r\u00e9putation ou n&rsquo;en profite pas, mais vous ne devez pas \u00e9tablir un lien de mani\u00e8re \u00e0 sugg\u00e9rer une quelconque forme d&rsquo;association. , approbation ou approbation de notre part l\u00e0 o\u00f9 il n&rsquo;y en a pas. Vous ne devez pas \u00e9tablir de lien \u00e0 partir d&rsquo;un site Web qui ne vous appartient pas. Ce site Web ne doit pas \u00eatre encadr\u00e9 sur un autre site, et vous ne pouvez pas cr\u00e9er de lien vers une partie de ce site Web autre que la page d&rsquo;accueil. Nous nous r\u00e9servons le droit de retirer l&rsquo;autorisation de cr\u00e9ation de liens sans pr\u00e9avis.<\/p>\n\n<p>Clause de non-responsabilit\u00e9 quant \u00e0 la propri\u00e9t\u00e9 des marques, des images de personnalit\u00e9s et des droits d&rsquo;auteur de tiers<\/p>\n\n<p>Sauf indication expresse contraire, toutes les personnes (y compris leurs noms et images), les marques et contenus tiers, les services et\/ou les lieux pr\u00e9sent\u00e9s sur ce site Web ne sont en aucun cas associ\u00e9s, li\u00e9s ou affili\u00e9s \u00e0 moulinlesriuax.com et vous ne devez pas compter sur l&rsquo;existence d&rsquo;un tel lien ou affiliation. Toutes les marques de commerce\/noms figurant sur ce site Web sont la propri\u00e9t\u00e9 des propri\u00e9taires respectifs des marques de commerce. Lorsqu&rsquo;une marque de commerce ou un nom de marque est mentionn\u00e9, il est utilis\u00e9 uniquement pour d\u00e9crire ou identifier les produits et services et ne constitue en aucun cas une affirmation que ces produits ou services sont approuv\u00e9s par ou li\u00e9s \u00e0 moulinlesriuax.com.<\/p>\n\n<p><strong><a name=\"indemnity\">Indemnit\u00e9<\/a><\/strong><\/p>\n\n<p>Vous acceptez d&rsquo;indemniser, de d\u00e9fendre et d&rsquo;exon\u00e9rer moulinlesriuax.com, ses administrateurs, dirigeants, employ\u00e9s, consultants, agents et soci\u00e9t\u00e9s affili\u00e9es, de toute r\u00e9clamation, responsabilit\u00e9, dommages et\/ou co\u00fbts de tiers (y compris, mais sans s&rsquo;y limiter, frais juridiques) d\u00e9coulant de votre utilisation de ce site Web ou de votre violation des conditions d&rsquo;utilisation.<\/p>\n\n<p><strong><a name=\"variation\">Variation<\/a><\/strong><\/p>\n\n<p>moulinlesriuax.com aura le droit, \u00e0 son enti\u00e8re discr\u00e9tion, \u00e0 tout moment et sans pr\u00e9avis, de modifier, supprimer ou modifier les Services et\/ou toute page de ce Site Web.<\/p>\n\n<p><strong><a name=\"invalidity\">Invalidit\u00e9<\/a><\/strong><\/p>\n\n<p>Si une partie des Conditions d&rsquo;utilisation est inapplicable (y compris toute disposition dans laquelle nous excluons notre responsabilit\u00e9 envers vous), l&rsquo;applicabilit\u00e9 de toute autre partie des Conditions d&rsquo;utilisation ne sera pas affect\u00e9e, toutes les autres clauses restant en vigueur et de plein effet. Dans la mesure du possible, lorsqu&rsquo;une clause\/sous-clause ou une partie d&rsquo;une clause\/sous-clause peut \u00eatre s\u00e9par\u00e9e pour rendre la partie restante valide, la clause doit \u00eatre interpr\u00e9t\u00e9e en cons\u00e9quence. Alternativement, vous acceptez que la clause soit rectifi\u00e9e et interpr\u00e9t\u00e9e de mani\u00e8re \u00e0 ressembler \u00e9troitement \u00e0 la signification originale de la clause\/sous-clause, comme le permet la loi.<\/p>\n\n<p><strong><a name=\"complaints\">Plaintes<\/a><\/strong><\/p>\n\n<p>Nous appliquons une proc\u00e9dure de traitement des r\u00e9clamations que nous utiliserons pour tenter de r\u00e9soudre les litiges d\u00e8s leur apparition, veuillez nous faire savoir si vous avez des r\u00e9clamations ou des commentaires.<\/p>\n\n<p><strong><a name=\"waiver\">Renoncer<\/a><\/strong><\/p>\n\n<p>Si vous enfreignez ces conditions et que nous ne prenons aucune mesure, nous serons toujours en droit d&rsquo;utiliser nos droits et recours dans toute autre situation o\u00f9 vous enfreignez ces conditions.<\/p>\n\n<p><strong><a name=\"entire\">Accord complet<\/a><\/strong><\/p>\n\n<p>Les conditions d&rsquo;utilisation ci-dessus constituent l&rsquo;int\u00e9gralit\u00e9 de l&rsquo;accord des parties et remplacent tous les accords pr\u00e9c\u00e9dents et contemporains entre vous et moulinlesriuax.com. Toute renonciation \u00e0 toute disposition des Conditions d&rsquo;utilisation ne sera effective que si elle est \u00e9crite et sign\u00e9e par un administrateur de moulinlesriuax.com.<\/p>\n","protected":false},"excerpt":{"rendered":"<p>Voici nos termes et conditions En g\u00e9n\u00e9ral Politique de confidentialit\u00e9 Interdictions Propri\u00e9t\u00e9 intellectuelle, logiciel et contenu Conditions de vente Notre contrat Prix et disponibilit\u00e9 Livraison Paiement Retour Exon\u00e9ration de responsabilit\u00e9 Lien vers ce site Web Indemnit\u00e9 Variation Invalidit\u00e9 Plaintes Renoncer Accord complet En g\u00e9n\u00e9ral SARL Moulin Les Riaux (\u00ab moulinlesriuax.com \u00bb) poss\u00e8de et exploite&#8230;<\/p>\n<p class=\"read-more\"><a class=\"btn btn-default\" href=\"https:\/\/moulinlesriaux.com\/fr\/terms\/\"> Read More<span class=\"screen-reader-text\">  Read More<\/span><\/a><\/p>\n","protected":false},"author":1,"featured_media":0,"parent":0,"menu_order":0,"comment_status":"closed","ping_status":"closed","template":"","meta":{"footnotes":""},"class_list":["post-341","page","type-page","status-publish","hentry"],"_links":{"self":[{"href":"https:\/\/moulinlesriaux.com\/fr\/wp-json\/wp\/v2\/pages\/341","targetHints":{"allow":["GET"]}}],"collection":[{"href":"https:\/\/moulinlesriaux.com\/fr\/wp-json\/wp\/v2\/pages"}],"about":[{"href":"https:\/\/moulinlesriaux.com\/fr\/wp-json\/wp\/v2\/types\/page"}],"author":[{"embeddable":true,"href":"https:\/\/moulinlesriaux.com\/fr\/wp-json\/wp\/v2\/users\/1"}],"replies":[{"embeddable":true,"href":"https:\/\/moulinlesriaux.com\/fr\/wp-json\/wp\/v2\/comments?post=341"}],"version-history":[{"count":8,"href":"https:\/\/moulinlesriaux.com\/fr\/wp-json\/wp\/v2\/pages\/341\/revisions"}],"predecessor-version":[{"id":371,"href":"https:\/\/moulinlesriaux.com\/fr\/wp-json\/wp\/v2\/pages\/341\/revisions\/371"}],"wp:attachment":[{"href":"https:\/\/moulinlesriaux.com\/fr\/wp-json\/wp\/v2\/media?parent=341"}],"curies":[{"name":"wp","href":"https:\/\/api.w.org\/{rel}","templated":true}]}}