{"id":361,"date":"2021-06-14T12:44:22","date_gmt":"2021-06-14T12:44:22","guid":{"rendered":"https:\/\/moulinlesriaux.com\/accueil\/"},"modified":"2022-05-05T05:02:38","modified_gmt":"2022-05-05T05:02:38","slug":"accueil","status":"publish","type":"page","link":"https:\/\/moulinlesriaux.com\/fr\/","title":{"rendered":"Bienvenue"},"content":{"rendered":"\n<p>La microferme \u2018Moulin Les Riaux\u2019 rejoint dans sa vocation premiere d&rsquo;autres fermes g\u00e9r\u00e9es pour y d\u00e9velopper une cohabitation nourrici\u00e8re qui utilise toutes les formes de vie d\u00e9ja pr\u00e9sente. Le mouvement de la permaculture, s&rsquo;appuyant sur les pratiques et les compr\u00e9hensions indig\u00e8nes, a chang\u00e9 la vision que les personnes ont de leur propre relation \u00e0 la terre depuis plus de 50 ans. Moulin Les Riaux sera un th\u00e9\u00e2tre permettant \u00e0 une famille de se plonger dans les opportunit\u00e9s et les d\u00e9fis de la recherche d&rsquo;une plus grande autonomie et d&rsquo;une vie plus juste tout en prenant sa place dans le millieu naturel.<\/p>\n\n<p>Cette petite parcelle de terrain offre de nombreuses possibilit\u00e9s qui peuvent \u00eatre d\u00e9velopp\u00e9es au fil du temps. Notre objectif de d\u00e9part est de travailler \u00e0 am\u00e9liorer le sol pour cultiver et \u00e9lever une grande partie de notre propre nourriture, en offrant les possibilit\u00e9s d&rsquo;h\u00e9bergement pour permettre \u00e0 d&rsquo;autres personnes de nous rejoindre. L&rsquo;experience inclut la culture de champignons des bois, particuli\u00e8rement adapt\u00e9s \u00e0 cet environnement, ainsi que le developpement et la vente des produits. Les prochaines phases consisteront \u00e0 d\u00e9velopper une technologie appropri\u00e9e pour conserver et utiliser autant que possible la lumi\u00e8re du soleil et l&rsquo;eau dans lesquelles baigne la propri\u00e9t\u00e9, en utilisant cette \u00e9nergie pour cr\u00e9er plus de vie et de diversit\u00e9.<\/p>\n\n<p>Cherchant \u00e0 identifier et \u00e0 r\u00e9duire la pollution et les d\u00e9chets qui ravagent nos syst\u00e8mes de survie plan\u00e9taires, nous visons \u00e0 apporter beaut\u00e9 et harmonie \u00e0 ce coin de la France, o\u00f9 les gens peuvent s&rsquo;\u00e9panouir plus \u00e9troitement dans cet environnement naturel. Ce voyage impliquera le plus grand nombre de personnes, partageant et \u00e9changeant nos exp\u00e9riences, nos comp\u00e9tences et notre vision d&rsquo;un monde juste, beau et durable ; visiteurs, hotes payants, campeurs et \u00e9tudiants seront accueillis, avec des plans de spa naturel, un acc\u00e8s (y compris handicap\u00e9) au bois, des ateliers d&rsquo;artisanat et de permaculture et un espace de spectacle artistique.<\/p>\n\n<figure class=\"wp-block-image size-large is-style-default\"><img loading=\"lazy\" decoding=\"async\" width=\"858\" height=\"1024\" src=\"https:\/\/moulinlesriaux.com\/wp-content\/uploads\/2021\/11\/pluerotus_ostreatus_2-858x1024.jpg\" alt=\"pleurotus ostreatus\" class=\"wp-image-262\" srcset=\"https:\/\/moulinlesriaux.com\/wp-content\/uploads\/2021\/11\/pluerotus_ostreatus_2-858x1024.jpg 858w, https:\/\/moulinlesriaux.com\/wp-content\/uploads\/2021\/11\/pluerotus_ostreatus_2-251x300.jpg 251w, https:\/\/moulinlesriaux.com\/wp-content\/uploads\/2021\/11\/pluerotus_ostreatus_2-768x916.jpg 768w, https:\/\/moulinlesriaux.com\/wp-content\/uploads\/2021\/11\/pluerotus_ostreatus_2-1288x1536.jpg 1288w, https:\/\/moulinlesriaux.com\/wp-content\/uploads\/2021\/11\/pluerotus_ostreatus_2-1717x2048.jpg 1717w, https:\/\/moulinlesriaux.com\/wp-content\/uploads\/2021\/11\/pluerotus_ostreatus_2-226x270.jpg 226w, https:\/\/moulinlesriaux.com\/wp-content\/uploads\/2021\/11\/pluerotus_ostreatus_2-837x999.jpg 837w, https:\/\/moulinlesriaux.com\/wp-content\/uploads\/2021\/11\/pluerotus_ostreatus_2-600x716.jpg 600w, https:\/\/moulinlesriaux.com\/wp-content\/uploads\/2021\/11\/pluerotus_ostreatus_2.jpg 1814w\" sizes=\"auto, (max-width: 858px) 100vw, 858px\" \/><figcaption>2021 Champignons pleurottes bio<\/figcaption><\/figure>\n","protected":false},"excerpt":{"rendered":"<p>La microferme \u2018Moulin Les Riaux\u2019 rejoint dans sa vocation premiere d&rsquo;autres fermes g\u00e9r\u00e9es pour y d\u00e9velopper une cohabitation nourrici\u00e8re qui utilise toutes les formes de vie d\u00e9ja pr\u00e9sente. Le mouvement de la permaculture, s&rsquo;appuyant sur les pratiques et les compr\u00e9hensions indig\u00e8nes, a chang\u00e9 la vision que les personnes ont de leur propre relation \u00e0&#8230;<\/p>\n<p class=\"read-more\"><a class=\"btn btn-default\" href=\"https:\/\/moulinlesriaux.com\/fr\/\"> Read More<span class=\"screen-reader-text\">  Read More<\/span><\/a><\/p>\n","protected":false},"author":1,"featured_media":0,"parent":0,"menu_order":0,"comment_status":"closed","ping_status":"closed","template":"template-left-sidebar.php","meta":{"footnotes":""},"class_list":["post-361","page","type-page","status-publish","hentry"],"_links":{"self":[{"href":"https:\/\/moulinlesriaux.com\/fr\/wp-json\/wp\/v2\/pages\/361","targetHints":{"allow":["GET"]}}],"collection":[{"href":"https:\/\/moulinlesriaux.com\/fr\/wp-json\/wp\/v2\/pages"}],"about":[{"href":"https:\/\/moulinlesriaux.com\/fr\/wp-json\/wp\/v2\/types\/page"}],"author":[{"embeddable":true,"href":"https:\/\/moulinlesriaux.com\/fr\/wp-json\/wp\/v2\/users\/1"}],"replies":[{"embeddable":true,"href":"https:\/\/moulinlesriaux.com\/fr\/wp-json\/wp\/v2\/comments?post=361"}],"version-history":[{"count":8,"href":"https:\/\/moulinlesriaux.com\/fr\/wp-json\/wp\/v2\/pages\/361\/revisions"}],"predecessor-version":[{"id":381,"href":"https:\/\/moulinlesriaux.com\/fr\/wp-json\/wp\/v2\/pages\/361\/revisions\/381"}],"wp:attachment":[{"href":"https:\/\/moulinlesriaux.com\/fr\/wp-json\/wp\/v2\/media?parent=361"}],"curies":[{"name":"wp","href":"https:\/\/api.w.org\/{rel}","templated":true}]}}